{"id":195,"date":"2024-12-09T13:26:58","date_gmt":"2024-12-09T11:26:58","guid":{"rendered":"https:\/\/safetywork.cat\/safety-work\/"},"modified":"2025-03-11T12:59:30","modified_gmt":"2025-03-11T10:59:30","slug":"safety-work","status":"publish","type":"page","link":"https:\/\/safetywork.cat\/es\/","title":{"rendered":"Safety Work"},"content":{"rendered":"\n  <div class=\"banner has-hover\" id=\"banner-1446992479\">\n          <div class=\"banner-inner fill\">\n        <div class=\"banner-bg fill\" >\n            <div class=\"bg fill bg-fill \"><\/div>\n                        <div class=\"overlay\"><\/div>            \n                    <\/div>\n\t\t\n        <div class=\"banner-layers container\">\n            <div class=\"fill banner-link\"><\/div>            \n   <div id=\"text-box-63212008\" class=\"text-box banner-layer x0 md-x0 lg-x0 y50 md-y50 lg-y50 res-text\">\n                                <div class=\"text-box-content text dark\">\n              \n              <div class=\"text-inner text-center\">\n                  \n<h3 class=\"uppercase\"><strong>Expertos en Seguridad<br \/>y Salud Laboral<\/strong><\/h3>\n<p><strong>Soluciones integrales para garantizar la seguridad y la salud laboral de los trabajadores<\/strong><\/p>\n<a class=\"button primary is-shade box-shadow-3 box-shadow-5-hover\"  style=\"border-radius:5px;\">\n    <span>Solicita un presupuesto personalizado<\/span>\n  <\/a>\n\n              <\/div>\n           <\/div>\n                            \n<style>\n#text-box-63212008 {\n  width: 46%;\n}\n#text-box-63212008 .text-box-content {\n  font-size: 100%;\n}\n<\/style>\n    <\/div>\n \n        <\/div>\n      <\/div>\n\n            \n<style>\n#banner-1446992479 {\n  padding-top: 680px;\n}\n#banner-1446992479 .bg.bg-loaded {\n  background-image: url(https:\/\/safetywork.cat\/wp-content\/uploads\/2024\/12\/jimmy-nilsson-masth-_8s0mpa-eZw-unsplash-scaled.webp);\n}\n#banner-1446992479 .overlay {\n  background-color: rgba(0, 0, 0, 0.3);\n}\n#banner-1446992479 .bg {\n  background-position: 43% 29%;\n}\n<\/style>\n  <\/div>\n\n\n\t<div id=\"gap-81309933\" class=\"gap-element clearfix\" style=\"display:block; height:auto;\">\n\t\t\n<style>\n#gap-81309933 {\n  padding-top: 46px;\n}\n<\/style>\n\t<\/div>\n\t\n<div class=\"row align-center\"  id=\"row-2111672263\">\n\n\t<div id=\"col-702111595\" class=\"col medium-8 small-12 large-8\"  >\n\t\t\t\t<div class=\"col-inner text-center\"  >\n\t\t\t\n\t\t\t\n<h3 style=\"text-align: center;\">\u00bfPor qu\u00e9 confiar en Safety Work?<\/h3>\n<p style=\"text-align: center;\">Con a\u00f1os de experiencia, ofrecemos servicios especializados en prevenci\u00f3n de riesgos laborales, higiene industrial, ergonom\u00eda, psicosociolog\u00eda y medicina del trabajo. Nos comprometemos a garantizar un entorno seguro y saludable para tu empresa.<\/p>\n\t\t<\/div>\n\t\t\t\t\t<\/div>\n\n\t\n<\/div>\n\t<div id=\"gap-646869110\" class=\"gap-element clearfix\" style=\"display:block; height:auto;\">\n\t\t\n<style>\n#gap-646869110 {\n  padding-top: 30px;\n}\n<\/style>\n\t<\/div>\n\t\n<div class=\"row\"  id=\"row-344815469\">\n\n\t<div id=\"col-2063149782\" class=\"col small-12 large-12\"  >\n\t\t\t\t<div class=\"col-inner\"  >\n\t\t\t\n\t\t\t\n<h2 class=\"uppercase\" style=\"text-align: center;\">\u00bfQu\u00e9 servicios ofrecemos?<\/h2>\n\t<div id=\"gap-158414147\" class=\"gap-element clearfix\" style=\"display:block; height:auto;\">\n\t\t\n<style>\n#gap-158414147 {\n  padding-top: 30px;\n}\n<\/style>\n\t<\/div>\n\t\n<div class=\"row\"  id=\"row-984005844\">\n\n\t<div id=\"col-545597912\" class=\"col medium-3 small-6 large-3\"  >\n\t\t\t\t<div class=\"col-inner\"  >\n\t\t\t\n\t\t\t\n\n\t\t<div class=\"icon-box featured-box icon-box-center text-center\"  >\n\t\t\t\t\t<div class=\"icon-box-img\" style=\"width: 112px\">\n\t\t\t\t<div class=\"icon\">\n\t\t\t\t\t<div class=\"icon-inner\" >\n\t\t\t\t\t\t<img loading=\"lazy\" decoding=\"async\" width=\"300\" height=\"300\" src=\"https:\/\/safetywork.cat\/wp-content\/uploads\/2025\/02\/image2--300x300.png\" class=\"attachment-medium size-medium\" alt=\"\" srcset=\"https:\/\/safetywork.cat\/wp-content\/uploads\/2025\/02\/image2--300x300.png 300w, https:\/\/safetywork.cat\/wp-content\/uploads\/2025\/02\/image2--150x150.png 150w, https:\/\/safetywork.cat\/wp-content\/uploads\/2025\/02\/image2--100x100.png 100w, https:\/\/safetywork.cat\/wp-content\/uploads\/2025\/02\/image2-.png 512w\" sizes=\"auto, (max-width: 300px) 100vw, 300px\" \/>\t\t\t\t\t<\/div>\n\t\t\t\t<\/div>\n\t\t\t<\/div>\n\t\t\t\t<div class=\"icon-box-text last-reset\">\n\t\t\t\t\t\t\t\t\t\n<h3>Seguridad<\/h3>\n<p>Garantizamos entornos laborales seguros mediante la elaboraci\u00f3n de planes personalizados, evaluaci\u00f3n de riesgos e implementaci\u00f3n de medidas de protecci\u00f3n.<\/p>\n\t<div id=\"gap-1884800989\" class=\"gap-element clearfix\" style=\"display:block; height:auto;\">\n\t\t\n<style>\n#gap-1884800989 {\n  padding-top: 20px;\n}\n<\/style>\n\t<\/div>\n\t\n<a href=\"https:\/\/safetywork.cat\/seguretat\/\" class=\"button primary is-shade box-shadow-3 box-shadow-5-hover\"  style=\"border-radius:5px;\">\n    <span>M\u00e1s informaci\u00f3n<\/span>\n  <\/a>\n\n\t\t<\/div>\n\t<\/div>\n\t\n\t\n\t\t<\/div>\n\t\t\t\t\t<\/div>\n\n\t\n\n\t<div id=\"col-2069166251\" class=\"col medium-3 small-6 large-3\"  >\n\t\t\t\t<div class=\"col-inner\"  >\n\t\t\t\n\t\t\t\n\n\t\t<div class=\"icon-box featured-box icon-box-center text-center\"  >\n\t\t\t\t\t<div class=\"icon-box-img\" style=\"width: 112px\">\n\t\t\t\t<div class=\"icon\">\n\t\t\t\t\t<div class=\"icon-inner\" >\n\t\t\t\t\t\t<img loading=\"lazy\" decoding=\"async\" width=\"300\" height=\"300\" src=\"https:\/\/safetywork.cat\/wp-content\/uploads\/2025\/02\/image-300x300.png\" class=\"attachment-medium size-medium\" alt=\"\" srcset=\"https:\/\/safetywork.cat\/wp-content\/uploads\/2025\/02\/image-300x300.png 300w, https:\/\/safetywork.cat\/wp-content\/uploads\/2025\/02\/image-150x150.png 150w, https:\/\/safetywork.cat\/wp-content\/uploads\/2025\/02\/image-100x100.png 100w, https:\/\/safetywork.cat\/wp-content\/uploads\/2025\/02\/image.png 512w\" sizes=\"auto, (max-width: 300px) 100vw, 300px\" \/>\t\t\t\t\t<\/div>\n\t\t\t\t<\/div>\n\t\t\t<\/div>\n\t\t\t\t<div class=\"icon-box-text last-reset\">\n\t\t\t\t\t\t\t\t\t\n<h3>Higiene industrial<\/h3>\n<p>Evaluamos y controlamos factores ambientales para proteger la salud de los trabajadores frente a agentes qu\u00edmicos, f\u00edsicos y biol\u00f3gicos presentes en el lugar de trabajo.<\/p>\n\t<div id=\"gap-458856611\" class=\"gap-element clearfix\" style=\"display:block; height:auto;\">\n\t\t\n<style>\n#gap-458856611 {\n  padding-top: 20px;\n}\n<\/style>\n\t<\/div>\n\t\n<a href=\"https:\/\/safetywork.cat\/higiene-industrial\/\" class=\"button primary is-shade box-shadow-3 box-shadow-5-hover\"  style=\"border-radius:5px;\">\n    <span>M\u00e1s informaci\u00f3n<\/span>\n  <\/a>\n\n\t\t<\/div>\n\t<\/div>\n\t\n\t\n\t\t<\/div>\n\t\t\t\t\t<\/div>\n\n\t\n\n\t<div id=\"col-1196276958\" class=\"col medium-3 small-6 large-3\"  >\n\t\t\t\t<div class=\"col-inner\"  >\n\t\t\t\n\t\t\t\n\n\t\t<div class=\"icon-box featured-box icon-box-center text-center\"  >\n\t\t\t\t\t<div class=\"icon-box-img\" style=\"width: 112px\">\n\t\t\t\t<div class=\"icon\">\n\t\t\t\t\t<div class=\"icon-inner\" >\n\t\t\t\t\t\t<img loading=\"lazy\" decoding=\"async\" width=\"300\" height=\"300\" src=\"https:\/\/safetywork.cat\/wp-content\/uploads\/2025\/02\/image-1-300x300.png\" class=\"attachment-medium size-medium\" alt=\"\" srcset=\"https:\/\/safetywork.cat\/wp-content\/uploads\/2025\/02\/image-1-300x300.png 300w, https:\/\/safetywork.cat\/wp-content\/uploads\/2025\/02\/image-1-150x150.png 150w, https:\/\/safetywork.cat\/wp-content\/uploads\/2025\/02\/image-1-100x100.png 100w, https:\/\/safetywork.cat\/wp-content\/uploads\/2025\/02\/image-1.png 512w\" sizes=\"auto, (max-width: 300px) 100vw, 300px\" \/>\t\t\t\t\t<\/div>\n\t\t\t\t<\/div>\n\t\t\t<\/div>\n\t\t\t\t<div class=\"icon-box-text last-reset\">\n\t\t\t\t\t\t\t\t\t\n<h3>Ergonom\u00eda<\/h3>\n<p>Adaptamos los puestos de trabajo a las necesidades f\u00edsicas de los trabajadores para minimizar riesgos, aumentar la comodidad y mejorar la productividad.<\/p>\n\t<div id=\"gap-1102160658\" class=\"gap-element clearfix\" style=\"display:block; height:auto;\">\n\t\t\n<style>\n#gap-1102160658 {\n  padding-top: 20px;\n}\n<\/style>\n\t<\/div>\n\t\n<a href=\"https:\/\/safetywork.cat\/ergonomia\/\" class=\"button primary is-shade box-shadow-3 box-shadow-5-hover\"  style=\"border-radius:5px;\">\n    <span>M\u00e1s informaci\u00f3n<\/span>\n  <\/a>\n\n\t\t<\/div>\n\t<\/div>\n\t\n\t\n\t\t<\/div>\n\t\t\t\t\t<\/div>\n\n\t\n\n\t<div id=\"col-462823321\" class=\"col medium-3 small-6 large-3\"  >\n\t\t\t\t<div class=\"col-inner\"  >\n\t\t\t\n\t\t\t\n\n\t\t<div class=\"icon-box featured-box icon-box-center text-center\"  >\n\t\t\t\t\t<div class=\"icon-box-img\" style=\"width: 112px\">\n\t\t\t\t<div class=\"icon\">\n\t\t\t\t\t<div class=\"icon-inner\" >\n\t\t\t\t\t\t<img loading=\"lazy\" decoding=\"async\" width=\"300\" height=\"300\" src=\"https:\/\/safetywork.cat\/wp-content\/uploads\/2025\/02\/salut-mental.png\" class=\"attachment-medium size-medium\" alt=\"\" srcset=\"https:\/\/safetywork.cat\/wp-content\/uploads\/2025\/02\/salut-mental.png 300w, https:\/\/safetywork.cat\/wp-content\/uploads\/2025\/02\/salut-mental-150x150.png 150w, https:\/\/safetywork.cat\/wp-content\/uploads\/2025\/02\/salut-mental-100x100.png 100w\" sizes=\"auto, (max-width: 300px) 100vw, 300px\" \/>\t\t\t\t\t<\/div>\n\t\t\t\t<\/div>\n\t\t\t<\/div>\n\t\t\t\t<div class=\"icon-box-text last-reset\">\n\t\t\t\t\t\t\t\t\t\n<h3>Psicosociolog\u00eda<\/h3>\n<p>Identificamos y gestionamos factores psicosociales que afectan el bienestar laboral, promoviendo entornos saludables y mejorando las relaciones dentro de la organizaci\u00f3n.<\/p>\n\t<div id=\"gap-420920248\" class=\"gap-element clearfix\" style=\"display:block; height:auto;\">\n\t\t\n<style>\n#gap-420920248 {\n  padding-top: 20px;\n}\n<\/style>\n\t<\/div>\n\t\n<a href=\"https:\/\/safetywork.cat\/psicosociologia\/\" class=\"button primary is-shade box-shadow-3 box-shadow-5-hover\"  style=\"border-radius:5px;\">\n    <span>M\u00e1s informaci\u00f3n<\/span>\n  <\/a>\n\n\t\t<\/div>\n\t<\/div>\n\t\n\t\n\t\t<\/div>\n\t\t\t\t\t<\/div>\n\n\t\n<\/div>\n\t<div id=\"gap-246952764\" class=\"gap-element clearfix\" style=\"display:block; height:auto;\">\n\t\t\n<style>\n#gap-246952764 {\n  padding-top: 85px;\n}\n<\/style>\n\t<\/div>\n\t\n<div class=\"row\"  id=\"row-1416057941\">\n\n\t<div id=\"col-2049868972\" class=\"col medium-4 small-12 large-4\"  >\n\t\t\t\t<div class=\"col-inner text-right\"  >\n\t\t\t\n\t\t\t\n\t<div class=\"img has-hover x md-x lg-x y md-y lg-y\" id=\"image_484117295\">\n\t\t\t\t\t\t\t\t<div class=\"img-inner dark\" >\n\t\t\t<img loading=\"lazy\" decoding=\"async\" width=\"640\" height=\"960\" src=\"https:\/\/safetywork.cat\/wp-content\/uploads\/2025\/01\/seguretat-safety-work.webp\" class=\"attachment-large size-large\" alt=\"\" srcset=\"https:\/\/safetywork.cat\/wp-content\/uploads\/2025\/01\/seguretat-safety-work.webp 640w, https:\/\/safetywork.cat\/wp-content\/uploads\/2025\/01\/seguretat-safety-work-200x300.webp 200w, https:\/\/safetywork.cat\/wp-content\/uploads\/2025\/01\/seguretat-safety-work-600x900.webp 600w\" sizes=\"auto, (max-width: 640px) 100vw, 640px\" \/>\t\t\t\t\t\t\n\t\t\t\t\t<\/div>\n\t\t\t\t\t\t\t\t\n<style>\n#image_484117295 {\n  width: 83%;\n}\n<\/style>\n\t<\/div>\n\t\n\t\t<\/div>\n\t\t\t\t\t<\/div>\n\n\t\n\n\t<div id=\"col-1206898192\" class=\"col medium-8 small-12 large-8\"  >\n\t\t\t\t<div class=\"col-inner\"  >\n\t\t\t\n\t\t\t\n<h3>\u00bfPor qu\u00e9 elegir Safety Work?<\/h3>\n<ol>\n<li>\n<p><strong>Soluciones personalizadas para cada empresa.<\/strong><br \/>Ofrecemos planes adaptados a las necesidades espec\u00edficas de cada cliente, garantizando una gesti\u00f3n eficiente de la seguridad laboral.<\/p>\n<\/li>\n<li>\n<p><strong>Cumplimiento estricto de la normativa vigente.<\/strong><br \/>Nos aseguramos de que todos nuestros servicios cumplan con la legislaci\u00f3n actual en seguridad y salud laboral, sin excepciones.<\/p>\n<\/li>\n<li>\n<p><strong>Equipo de t\u00e9cnicos cualificados y con experiencia.<\/strong><br \/>Nuestro equipo est\u00e1 formado por profesionales altamente cualificados, con a\u00f1os de experiencia en prevenci\u00f3n de riesgos laborales y asesoramiento t\u00e9cnico.<\/p>\n<\/li>\n<li>\n<p><strong>Respuesta r\u00e1pida y presupuestos adaptados.<\/strong><br \/>Garantizamos una atenci\u00f3n r\u00e1pida y presupuestos ajustados, ofreciendo soluciones eficientes y econ\u00f3micas para proteger tu empresa y tus trabajadores.<\/p>\n<\/li>\n<\/ol>\n<p>\u00a0<\/p>\n\t\t<\/div>\n\t\t\t\t\t<\/div>\n\n\t\n<\/div>\n\t<div id=\"gap-2059122136\" class=\"gap-element clearfix\" style=\"display:block; height:auto;\">\n\t\t\n<style>\n#gap-2059122136 {\n  padding-top: 30px;\n}\n<\/style>\n\t<\/div>\n\t\n<h2 class=\"uppercase\" style=\"text-align: center;\">Opiniones de nuestros clientes<\/h2>\n\t\t<\/div>\n\t\t\t\t\t<\/div>\n\n\t\n<\/div>\n<div class=\"row\"  id=\"row-1391478742\">\n\n\t<div id=\"col-1045721438\" class=\"col medium-4 small-12 large-4\"  >\n\t\t\t\t<div class=\"col-inner\"  >\n\t\t\t\n\t\t\t\n  <div class=\"icon-box testimonial-box icon-box-center text-center\">\n                <div class=\"icon-box-img testimonial-image circle\" style=\"width: 121px\">\n                      <\/div>\n                <div class=\"icon-box-text p-last-0\">\n          <div class=\"star-rating\"><span style=\"width:100%\"><strong class=\"rating\"><\/strong><\/span><\/div>  \t\t\t\t<div class=\"testimonial-text line-height-small italic test_text first-reset last-reset is-italic\">\n            \n\t<div id=\"gap-804354992\" class=\"gap-element clearfix\" style=\"display:block; height:auto;\">\n\t\t\n<style>\n#gap-804354992 {\n  padding-top: 10px;\n}\n<\/style>\n\t<\/div>\n\t\n<p>Con SAFETY WORK SL hemos logrado reducir los riesgos laborales en nuestra empresa. Su equipo t\u00e9cnico es muy profesional y siempre nos ofrece soluciones personalizadas.<\/p>\n          <\/div>\n          <div class=\"testimonial-meta pt-half\">\n             <strong class=\"testimonial-name test_name\">Anna Puig<\/strong>\n             <span class=\"testimonial-name-divider\"> \/ <\/span>             <span class=\"testimonial-company test_company\">Gerente de una industria metal\u00fargica<\/span>\n          <\/div>\n        <\/div>\n  <\/div>\n\n  \n\t\t<\/div>\n\t\t\t\t\t<\/div>\n\n\t\n\n\t<div id=\"col-1031767950\" class=\"col medium-4 small-12 large-4\"  >\n\t\t\t\t<div class=\"col-inner\"  >\n\t\t\t\n\t\t\t\n  <div class=\"icon-box testimonial-box icon-box-center text-center\">\n                <div class=\"icon-box-img testimonial-image circle\" style=\"width: 121px\">\n                      <\/div>\n                <div class=\"icon-box-text p-last-0\">\n          <div class=\"star-rating\"><span style=\"width:100%\"><strong class=\"rating\"><\/strong><\/span><\/div>  \t\t\t\t<div class=\"testimonial-text line-height-small italic test_text first-reset last-reset is-italic\">\n            \n\t<div id=\"gap-1777176120\" class=\"gap-element clearfix\" style=\"display:block; height:auto;\">\n\t\t\n<style>\n#gap-1777176120 {\n  padding-top: 10px;\n}\n<\/style>\n\t<\/div>\n\t\n<p>Gracias a sus servicios de ergonom\u00eda, hemos adaptado los puestos de trabajo, reduciendo lesiones y mejorando el bienestar de nuestros trabajadores. \u00a1Totalmente recomendables!<\/p>\n          <\/div>\n          <div class=\"testimonial-meta pt-half\">\n             <strong class=\"testimonial-name test_name\">Joan Garcia<\/strong>\n             <span class=\"testimonial-name-divider\"> \/ <\/span>             <span class=\"testimonial-company test_company\">Jefe de RRHH, empresa de log\u00edstica<\/span>\n          <\/div>\n        <\/div>\n  <\/div>\n\n  \n\t\t<\/div>\n\t\t\t\t\t<\/div>\n\n\t\n\n\t<div id=\"col-1879522589\" class=\"col medium-4 small-12 large-4\"  >\n\t\t\t\t<div class=\"col-inner\"  >\n\t\t\t\n\t\t\t\n  <div class=\"icon-box testimonial-box icon-box-center text-center\">\n                <div class=\"icon-box-img testimonial-image circle\" style=\"width: 121px\">\n                      <\/div>\n                <div class=\"icon-box-text p-last-0\">\n          <div class=\"star-rating\"><span style=\"width:100%\"><strong class=\"rating\"><\/strong><\/span><\/div>  \t\t\t\t<div class=\"testimonial-text line-height-small italic test_text first-reset last-reset is-italic\">\n            \n\t<div id=\"gap-455775744\" class=\"gap-element clearfix\" style=\"display:block; height:auto;\">\n\t\t\n<style>\n#gap-455775744 {\n  padding-top: 10px;\n}\n<\/style>\n\t<\/div>\n\t\n<p>Su experiencia en higiene industrial nos ha ayudado a detectar y eliminar riesgos ambientales que afectaban la salud de nuestro equipo. \u00a1Excelente servicio!<\/p>\n          <\/div>\n          <div class=\"testimonial-meta pt-half\">\n             <strong class=\"testimonial-name test_name\">Marta Soler<\/strong>\n             <span class=\"testimonial-name-divider\"> \/ <\/span>             <span class=\"testimonial-company test_company\">Directora t\u00e8cnica d'una f\u00e0brica<\/span>\n          <\/div>\n        <\/div>\n  <\/div>\n\n  \n\t\t<\/div>\n\t\t\t\t\t<\/div>\n\n\t\n<\/div>\n\t<div id=\"gap-1910060952\" class=\"gap-element clearfix\" style=\"display:block; height:auto;\">\n\t\t\n<style>\n#gap-1910060952 {\n  padding-top: 32px;\n}\n<\/style>\n\t<\/div>\n\t\n<div class=\"message-box relative dark\" style=\"padding-top:68px;padding-bottom:68px;\"><div class=\"message-box-bg-image bg-fill fill\" ><\/div><div class=\"message-box-bg-overlay bg-fill fill\" style=\"background-color:rgb(112, 7, 7);\"><\/div><div class=\"container relative\"><div class=\"inner last-reset\">\n<div class=\"row align-middle align-center\"  id=\"row-1928739272\">\n\n\t<div id=\"col-1523685337\" class=\"col medium-6 small-12 large-6\"  >\n\t\t\t\t<div class=\"col-inner\"  >\n\t\t\t\n\t\t\t\n<h2>Contacta con nosotros<\/h2>\n<p>Estamos aqu\u00ed para ayudarte. Contacta con nosotros por tel\u00e9fono, correo electr\u00f3nico o completando el formulario.<\/p>\n\t\t<\/div>\n\t\t\t\t\t<\/div>\n\n\t\n\n\t<div id=\"col-356605781\" class=\"col medium-5 small-12 large-5\"  >\n\t\t\t\t<div class=\"col-inner text-center\"  >\n\t\t\t\n\t\t\t\n<a class=\"button white\"  style=\"border-radius:99px;\">\n    <span>Solicita informaci\u00f3n<\/span>\n  <\/a>\n\n\t\t<\/div>\n\t\t\t\t\t<\/div>\n\n\t\n<\/div>\n<\/div><\/div><\/div>\n","protected":false},"excerpt":{"rendered":"","protected":false},"author":1,"featured_media":0,"parent":0,"menu_order":0,"comment_status":"closed","ping_status":"closed","template":"page-blank.php","meta":{"footnotes":""},"class_list":["post-195","page","type-page","status-publish","hentry"],"yoast_head":"<!-- This site is optimized with the Yoast SEO plugin v24.7 - https:\/\/yoast.com\/wordpress\/plugins\/seo\/ -->\n<title>Safety Work - Safety Work<\/title>\n<meta name=\"robots\" content=\"index, follow, max-snippet:-1, max-image-preview:large, max-video-preview:-1\" \/>\n<link rel=\"canonical\" href=\"https:\/\/safetywork.cat\/es\/\" \/>\n<meta property=\"og:locale\" content=\"es_ES\" \/>\n<meta property=\"og:type\" content=\"article\" \/>\n<meta property=\"og:title\" content=\"Safety Work - Safety Work\" \/>\n<meta property=\"og:url\" content=\"https:\/\/safetywork.cat\/es\/\" \/>\n<meta property=\"og:site_name\" content=\"Safety Work\" \/>\n<meta property=\"article:modified_time\" content=\"2025-03-11T10:59:30+00:00\" \/>\n<meta name=\"twitter:card\" content=\"summary_large_image\" \/>\n<meta name=\"twitter:label1\" content=\"Tiempo de lectura\" \/>\n\t<meta name=\"twitter:data1\" content=\"4 minutos\" \/>\n<script type=\"application\/ld+json\" class=\"yoast-schema-graph\">{\"@context\":\"https:\/\/schema.org\",\"@graph\":[{\"@type\":\"WebPage\",\"@id\":\"https:\/\/safetywork.cat\/es\/\",\"url\":\"https:\/\/safetywork.cat\/es\/\",\"name\":\"Safety Work - Safety Work\",\"isPartOf\":{\"@id\":\"https:\/\/safetywork.cat\/es\/#website\"},\"datePublished\":\"2024-12-09T11:26:58+00:00\",\"dateModified\":\"2025-03-11T10:59:30+00:00\",\"breadcrumb\":{\"@id\":\"https:\/\/safetywork.cat\/es\/#breadcrumb\"},\"inLanguage\":\"es\",\"potentialAction\":[{\"@type\":\"ReadAction\",\"target\":[\"https:\/\/safetywork.cat\/es\/\"]}]},{\"@type\":\"BreadcrumbList\",\"@id\":\"https:\/\/safetywork.cat\/es\/#breadcrumb\",\"itemListElement\":[{\"@type\":\"ListItem\",\"position\":1,\"name\":\"Inici\",\"item\":\"https:\/\/safetywork.cat\/es\/\"},{\"@type\":\"ListItem\",\"position\":2,\"name\":\"Safety Work\"}]},{\"@type\":\"WebSite\",\"@id\":\"https:\/\/safetywork.cat\/es\/#website\",\"url\":\"https:\/\/safetywork.cat\/es\/\",\"name\":\"Safety Work\",\"description\":\"Servei de prevenci\u00f3 de riscos laborals\",\"potentialAction\":[{\"@type\":\"SearchAction\",\"target\":{\"@type\":\"EntryPoint\",\"urlTemplate\":\"https:\/\/safetywork.cat\/es\/?s={search_term_string}\"},\"query-input\":{\"@type\":\"PropertyValueSpecification\",\"valueRequired\":true,\"valueName\":\"search_term_string\"}}],\"inLanguage\":\"es\"}]}<\/script>\n<!-- \/ Yoast SEO plugin. -->","yoast_head_json":{"title":"Safety Work - Safety Work","robots":{"index":"index","follow":"follow","max-snippet":"max-snippet:-1","max-image-preview":"max-image-preview:large","max-video-preview":"max-video-preview:-1"},"canonical":"https:\/\/safetywork.cat\/es\/","og_locale":"es_ES","og_type":"article","og_title":"Safety Work - Safety Work","og_url":"https:\/\/safetywork.cat\/es\/","og_site_name":"Safety Work","article_modified_time":"2025-03-11T10:59:30+00:00","twitter_card":"summary_large_image","twitter_misc":{"Tiempo de lectura":"4 minutos"},"schema":{"@context":"https:\/\/schema.org","@graph":[{"@type":"WebPage","@id":"https:\/\/safetywork.cat\/es\/","url":"https:\/\/safetywork.cat\/es\/","name":"Safety Work - Safety Work","isPartOf":{"@id":"https:\/\/safetywork.cat\/es\/#website"},"datePublished":"2024-12-09T11:26:58+00:00","dateModified":"2025-03-11T10:59:30+00:00","breadcrumb":{"@id":"https:\/\/safetywork.cat\/es\/#breadcrumb"},"inLanguage":"es","potentialAction":[{"@type":"ReadAction","target":["https:\/\/safetywork.cat\/es\/"]}]},{"@type":"BreadcrumbList","@id":"https:\/\/safetywork.cat\/es\/#breadcrumb","itemListElement":[{"@type":"ListItem","position":1,"name":"Inici","item":"https:\/\/safetywork.cat\/es\/"},{"@type":"ListItem","position":2,"name":"Safety Work"}]},{"@type":"WebSite","@id":"https:\/\/safetywork.cat\/es\/#website","url":"https:\/\/safetywork.cat\/es\/","name":"Safety Work","description":"Servei de prevenci\u00f3 de riscos laborals","potentialAction":[{"@type":"SearchAction","target":{"@type":"EntryPoint","urlTemplate":"https:\/\/safetywork.cat\/es\/?s={search_term_string}"},"query-input":{"@type":"PropertyValueSpecification","valueRequired":true,"valueName":"search_term_string"}}],"inLanguage":"es"}]}},"_links":{"self":[{"href":"https:\/\/safetywork.cat\/es\/wp-json\/wp\/v2\/pages\/195","targetHints":{"allow":["GET"]}}],"collection":[{"href":"https:\/\/safetywork.cat\/es\/wp-json\/wp\/v2\/pages"}],"about":[{"href":"https:\/\/safetywork.cat\/es\/wp-json\/wp\/v2\/types\/page"}],"author":[{"embeddable":true,"href":"https:\/\/safetywork.cat\/es\/wp-json\/wp\/v2\/users\/1"}],"replies":[{"embeddable":true,"href":"https:\/\/safetywork.cat\/es\/wp-json\/wp\/v2\/comments?post=195"}],"version-history":[{"count":1,"href":"https:\/\/safetywork.cat\/es\/wp-json\/wp\/v2\/pages\/195\/revisions"}],"predecessor-version":[{"id":197,"href":"https:\/\/safetywork.cat\/es\/wp-json\/wp\/v2\/pages\/195\/revisions\/197"}],"wp:attachment":[{"href":"https:\/\/safetywork.cat\/es\/wp-json\/wp\/v2\/media?parent=195"}],"curies":[{"name":"wp","href":"https:\/\/api.w.org\/{rel}","templated":true}]}}